{"id":34,"date":"2024-11-26T10:02:38","date_gmt":"2024-11-26T09:02:38","guid":{"rendered":"https:\/\/www.bdstim.com\/site\/?page_id=34"},"modified":"2025-08-25T15:49:43","modified_gmt":"2025-08-25T13:49:43","slug":"nous-contacter","status":"publish","type":"page","link":"https:\/\/bdstim.com\/site\/nous-contacter\/","title":{"rendered":"Contact"},"content":{"rendered":"\t\t<div data-elementor-type=\"wp-page\" data-elementor-id=\"34\" class=\"elementor elementor-34\" data-elementor-post-type=\"page\">\n\t\t\t\t<div class=\"elementor-element elementor-element-0a02538 e-flex e-con-boxed e-con e-parent\" data-id=\"0a02538\" data-element_type=\"container\" data-settings=\"{&quot;background_background&quot;:&quot;classic&quot;}\">\n\t\t\t\t\t<div class=\"e-con-inner\">\n\t\t\t\t<div class=\"elementor-element elementor-element-bcd5515 elementor-invisible elementor-widget elementor-widget-heading\" data-id=\"bcd5515\" data-element_type=\"widget\" data-settings=\"{&quot;_animation&quot;:&quot;fadeInUp&quot;}\" data-widget_type=\"heading.default\">\n\t\t\t\t<div class=\"elementor-widget-container\">\n\t\t\t\t\t<h1 class=\"elementor-heading-title elementor-size-default\">Nous contacter<\/h1>\t\t\t\t<\/div>\n\t\t\t\t<\/div>\n\t\t\t\t\t<\/div>\n\t\t\t\t<\/div>\n\t\t<div class=\"elementor-element elementor-element-01aed07 elementor-hidden-mobile e-flex e-con-boxed e-con e-parent\" data-id=\"01aed07\" data-element_type=\"container\">\n\t\t\t\t\t<div class=\"e-con-inner\">\n\t\t<div class=\"elementor-element elementor-element-6a5b59a e-con-full elementor-hidden-mobile e-flex e-con e-child\" data-id=\"6a5b59a\" data-element_type=\"container\" data-settings=\"{&quot;background_background&quot;:&quot;classic&quot;,&quot;animation&quot;:&quot;none&quot;}\">\n\t\t\t\t<div class=\"elementor-element elementor-element-15a3eef elementor-invisible elementor-widget elementor-widget-text-editor\" data-id=\"15a3eef\" data-element_type=\"widget\" data-settings=\"{&quot;_animation&quot;:&quot;fadeInUp&quot;}\" data-widget_type=\"text-editor.default\">\n\t\t\t\t<div class=\"elementor-widget-container\">\n\t\t\t\t\t\t\t\t\t<p style=\"font-weight: 400;\">Envie de cr\u00e9er un \u00e9v\u00e8nement ? envie de partager votre projet ? ou tout simplement, envie de faire connaissance ? Contactez-nous et prenons un caf\u00e9 ! Formulaire, t\u00e9l\u00e9phone, email \u2026 votre moyen sera le n\u00f4tre. Chaque contact est une nouvelle opportunit\u00e9 d\u2019\u00e9changer et de faire briller vos id\u00e9es. N\u2019attendez plus, discutons de votre projet\u00a0!<\/p>\t\t\t\t\t\t\t\t<\/div>\n\t\t\t\t<\/div>\n\t\t\t\t<\/div>\n\t\t\t\t\t<\/div>\n\t\t\t\t<\/div>\n\t\t<div class=\"elementor-element elementor-element-05567c4 e-flex e-con-boxed e-con e-parent\" data-id=\"05567c4\" data-element_type=\"container\">\n\t\t\t\t\t<div class=\"e-con-inner\">\n\t\t\t\t<div class=\"elementor-element elementor-element-5568e4b elementor-widget elementor-widget-spacer\" data-id=\"5568e4b\" data-element_type=\"widget\" data-widget_type=\"spacer.default\">\n\t\t\t\t<div class=\"elementor-widget-container\">\n\t\t\t\t\t\t\t<div class=\"elementor-spacer\">\n\t\t\t<div class=\"elementor-spacer-inner\"><\/div>\n\t\t<\/div>\n\t\t\t\t\t\t<\/div>\n\t\t\t\t<\/div>\n\t\t\t\t\t<\/div>\n\t\t\t\t<\/div>\n\t\t<div class=\"elementor-element elementor-element-c87f2ef e-flex e-con-boxed e-con e-parent\" data-id=\"c87f2ef\" data-element_type=\"container\" data-settings=\"{&quot;background_background&quot;:&quot;classic&quot;}\">\n\t\t\t\t\t<div class=\"e-con-inner\">\n\t\t<div class=\"elementor-element elementor-element-513922f e-grid e-con-full e-con e-child\" data-id=\"513922f\" data-element_type=\"container\">\n\t\t<div class=\"elementor-element elementor-element-a69e25c e-con-full e-flex e-con e-child\" data-id=\"a69e25c\" data-element_type=\"container\">\n\t\t<div class=\"elementor-element elementor-element-b25160b e-con-full e-flex e-con e-child\" data-id=\"b25160b\" data-element_type=\"container\">\n\t\t\t\t<div class=\"elementor-element elementor-element-441345e elementor-widget elementor-widget-text-editor\" data-id=\"441345e\" data-element_type=\"widget\" data-widget_type=\"text-editor.default\">\n\t\t\t\t<div class=\"elementor-widget-container\">\n\t\t\t\t\t\t\t\t\t<p><span class=\"OYPEnA font-feature-liga-off font-feature-clig-off font-feature-calt-off text-decoration-none text-strikethrough-none\"><strong>Nous appeler :<\/strong><br \/>01 41 41 93 33<\/span><\/p>\t\t\t\t\t\t\t\t<\/div>\n\t\t\t\t<\/div>\n\t\t\t\t<div class=\"elementor-element elementor-element-5223214 elementor-widget elementor-widget-text-editor\" data-id=\"5223214\" data-element_type=\"widget\" data-widget_type=\"text-editor.default\">\n\t\t\t\t<div class=\"elementor-widget-container\">\n\t\t\t\t\t\t\t\t\t<p><span class=\"OYPEnA font-feature-liga-off font-feature-clig-off font-feature-calt-off text-decoration-none text-strikethrough-none\"><strong>Nous \u00e9crire :<\/strong><br \/>info@bdstim.com<\/span><\/p>\t\t\t\t\t\t\t\t<\/div>\n\t\t\t\t<\/div>\n\t\t\t\t<div class=\"elementor-element elementor-element-c2fcada elementor-widget elementor-widget-text-editor\" data-id=\"c2fcada\" data-element_type=\"widget\" data-widget_type=\"text-editor.default\">\n\t\t\t\t<div class=\"elementor-widget-container\">\n\t\t\t\t\t\t\t\t\t<p><span class=\"OYPEnA font-feature-liga-off font-feature-clig-off font-feature-calt-off text-decoration-none text-strikethrough-none\"><strong>Notre adresse :<\/strong><br \/>16, rue des 4 Chemin\u00e9es<br \/>92100 Boulogne-Billancourt<br \/><\/span><\/p>\t\t\t\t\t\t\t\t<\/div>\n\t\t\t\t<\/div>\n\t\t\t\t<div class=\"elementor-element elementor-element-41e483a elementor-widget elementor-widget-text-editor\" data-id=\"41e483a\" data-element_type=\"widget\" data-widget_type=\"text-editor.default\">\n\t\t\t\t<div class=\"elementor-widget-container\">\n\t\t\t\t\t\t\t\t\t<p><strong><span class=\"OYPEnA font-feature-liga-off font-feature-clig-off font-feature-calt-off text-decoration-none text-strikethrough-none\">Nous suivre :<\/span><\/strong><\/p>\t\t\t\t\t\t\t\t<\/div>\n\t\t\t\t<\/div>\n\t\t<div class=\"elementor-element elementor-element-0ebb134 e-con-full e-flex e-con e-child\" data-id=\"0ebb134\" data-element_type=\"container\">\n\t\t\t\t<div class=\"elementor-element elementor-element-97b85ef elementor-view-stacked elementor-widget__width-initial elementor-shape-circle elementor-widget elementor-widget-icon\" data-id=\"97b85ef\" data-element_type=\"widget\" data-widget_type=\"icon.default\">\n\t\t\t\t<div class=\"elementor-widget-container\">\n\t\t\t\t\t\t\t<div class=\"elementor-icon-wrapper\">\n\t\t\t<a class=\"elementor-icon\" href=\"https:\/\/www.linkedin.com\/company\/boulevard-de-la-stim\/?originalSubdomain=fr\" target=\"_blank\">\n\t\t\t<svg aria-hidden=\"true\" class=\"e-font-icon-svg e-fab-linkedin-in\" viewBox=\"0 0 448 512\" xmlns=\"http:\/\/www.w3.org\/2000\/svg\"><path d=\"M100.28 448H7.4V148.9h92.88zM53.79 108.1C24.09 108.1 0 83.5 0 53.8a53.79 53.79 0 0 1 107.58 0c0 29.7-24.1 54.3-53.79 54.3zM447.9 448h-92.68V302.4c0-34.7-.7-79.2-48.29-79.2-48.29 0-55.69 37.7-55.69 76.7V448h-92.78V148.9h89.08v40.8h1.3c12.4-23.5 42.69-48.3 87.88-48.3 94 0 111.28 61.9 111.28 142.3V448z\"><\/path><\/svg>\t\t\t<\/a>\n\t\t<\/div>\n\t\t\t\t\t\t<\/div>\n\t\t\t\t<\/div>\n\t\t\t\t<div class=\"elementor-element elementor-element-b44ad65 elementor-view-stacked elementor-shape-circle elementor-widget elementor-widget-icon\" data-id=\"b44ad65\" data-element_type=\"widget\" data-widget_type=\"icon.default\">\n\t\t\t\t<div class=\"elementor-widget-container\">\n\t\t\t\t\t\t\t<div class=\"elementor-icon-wrapper\">\n\t\t\t<div class=\"elementor-icon\">\n\t\t\t<svg aria-hidden=\"true\" class=\"e-font-icon-svg e-fab-instagram\" viewBox=\"0 0 448 512\" xmlns=\"http:\/\/www.w3.org\/2000\/svg\"><path d=\"M224.1 141c-63.6 0-114.9 51.3-114.9 114.9s51.3 114.9 114.9 114.9S339 319.5 339 255.9 287.7 141 224.1 141zm0 189.6c-41.1 0-74.7-33.5-74.7-74.7s33.5-74.7 74.7-74.7 74.7 33.5 74.7 74.7-33.6 74.7-74.7 74.7zm146.4-194.3c0 14.9-12 26.8-26.8 26.8-14.9 0-26.8-12-26.8-26.8s12-26.8 26.8-26.8 26.8 12 26.8 26.8zm76.1 27.2c-1.7-35.9-9.9-67.7-36.2-93.9-26.2-26.2-58-34.4-93.9-36.2-37-2.1-147.9-2.1-184.9 0-35.8 1.7-67.6 9.9-93.9 36.1s-34.4 58-36.2 93.9c-2.1 37-2.1 147.9 0 184.9 1.7 35.9 9.9 67.7 36.2 93.9s58 34.4 93.9 36.2c37 2.1 147.9 2.1 184.9 0 35.9-1.7 67.7-9.9 93.9-36.2 26.2-26.2 34.4-58 36.2-93.9 2.1-37 2.1-147.8 0-184.8zM398.8 388c-7.8 19.6-22.9 34.7-42.6 42.6-29.5 11.7-99.5 9-132.1 9s-102.7 2.6-132.1-9c-19.6-7.8-34.7-22.9-42.6-42.6-11.7-29.5-9-99.5-9-132.1s-2.6-102.7 9-132.1c7.8-19.6 22.9-34.7 42.6-42.6 29.5-11.7 99.5-9 132.1-9s102.7-2.6 132.1 9c19.6 7.8 34.7 22.9 42.6 42.6 11.7 29.5 9 99.5 9 132.1s2.7 102.7-9 132.1z\"><\/path><\/svg>\t\t\t<\/div>\n\t\t<\/div>\n\t\t\t\t\t\t<\/div>\n\t\t\t\t<\/div>\n\t\t\t\t<\/div>\n\t\t\t\t<\/div>\n\t\t\t\t<\/div>\n\t\t<div class=\"elementor-element elementor-element-968fd14 e-con-full e-flex e-con e-child\" data-id=\"968fd14\" data-element_type=\"container\">\n\t\t\t\t<div class=\"elementor-element elementor-element-ecc76f1 elementor-widget elementor-widget-text-editor\" data-id=\"ecc76f1\" data-element_type=\"widget\" data-widget_type=\"text-editor.default\">\n\t\t\t\t<div class=\"elementor-widget-container\">\n\t\t\t\t\t\t\t\t\t<iframe width=\"540\" height=\"500\" src=\"https:\/\/sibforms.com\/serve\/MUIFAIb9Vwz4y_6E1poBiq_lzTBs_SA02MRt6spnNbrhGtDyMY4TKSMemTa24KnF3b2aV7Tg6E37mIM93j7SF25iSAEjFNehbDa-1fVUY9zBmr2AClQ72SUVK2sE04eDBVG07Pft4qkRB02bXcZ0mpLhEsuaWLM6QY3e-6gJcGa0MBZNL-JtKQh597qovA8bZyJ3melbeVjy9JwW\" frameborder=\"0\" scrolling=\"auto\" allowfullscreen style=\"display: block;margin-left: auto;margin-right: auto;max-width: 100%;\"><\/iframe>\t\t\t\t\t\t\t\t<\/div>\n\t\t\t\t<\/div>\n\t\t\t\t<\/div>\n\t\t\t\t<\/div>\n\t\t\t\t<div class=\"elementor-element elementor-element-0d6c63d elementor-widget elementor-widget-spacer\" data-id=\"0d6c63d\" data-element_type=\"widget\" data-widget_type=\"spacer.default\">\n\t\t\t\t<div class=\"elementor-widget-container\">\n\t\t\t\t\t\t\t<div class=\"elementor-spacer\">\n\t\t\t<div class=\"elementor-spacer-inner\"><\/div>\n\t\t<\/div>\n\t\t\t\t\t\t<\/div>\n\t\t\t\t<\/div>\n\t\t\t\t\t<\/div>\n\t\t\t\t<\/div>\n\t\t\t\t<\/div>\n\t\t","protected":false},"excerpt":{"rendered":"<p>Nous contacter Envie de cr\u00e9er un \u00e9v\u00e8nement ? envie de partager votre projet ? ou tout simplement, envie de faire connaissance ? Contactez-nous et prenons un caf\u00e9 ! Formulaire, t\u00e9l\u00e9phone, email \u2026 votre moyen sera le n\u00f4tre. Chaque contact est une nouvelle opportunit\u00e9 d\u2019\u00e9changer et de faire briller vos id\u00e9es. N\u2019attendez plus, discutons de votre [&hellip;]<\/p>\n","protected":false},"author":1,"featured_media":0,"parent":0,"menu_order":0,"comment_status":"closed","ping_status":"closed","template":"","meta":{"_acf_changed":false,"footnotes":""},"class_list":["post-34","page","type-page","status-publish","hentry"],"blocksy_meta":[],"acf":[],"yoast_head":"<!-- This site is optimized with the Yoast SEO plugin v27.2 - https:\/\/yoast.com\/product\/yoast-seo-wordpress\/ -->\n<title>Contact - Boulevard de la Stim<\/title>\n<meta name=\"description\" content=\"Contactez-nous d\u00e8s maintenant pour votre prochain \u00e9v\u00e9nement d&#039;entreprise personnalis\u00e9 ! Renfor\u00e7ons les liens, cr\u00e9ons l&#039;inoubliable !\" \/>\n<meta name=\"robots\" content=\"index, follow, max-snippet:-1, max-image-preview:large, max-video-preview:-1\" \/>\n<link rel=\"canonical\" href=\"https:\/\/bdstim.com\/site\/nous-contacter\/\" \/>\n<meta property=\"og:locale\" content=\"fr_FR\" \/>\n<meta property=\"og:type\" content=\"article\" \/>\n<meta property=\"og:title\" content=\"Contact - Boulevard de la Stim\" \/>\n<meta property=\"og:description\" content=\"Contactez-nous d\u00e8s maintenant pour votre prochain \u00e9v\u00e9nement d&#039;entreprise personnalis\u00e9 ! Renfor\u00e7ons les liens, cr\u00e9ons l&#039;inoubliable !\" \/>\n<meta property=\"og:url\" content=\"https:\/\/bdstim.com\/site\/nous-contacter\/\" \/>\n<meta property=\"og:site_name\" content=\"Boulevard de la Stim\" \/>\n<meta property=\"article:modified_time\" content=\"2025-08-25T13:49:43+00:00\" \/>\n<meta name=\"twitter:card\" content=\"summary_large_image\" \/>\n<meta name=\"twitter:label1\" content=\"Dur\u00e9e de lecture estim\u00e9e\" \/>\n\t<meta name=\"twitter:data1\" content=\"1 minute\" \/>\n<script type=\"application\/ld+json\" class=\"yoast-schema-graph\">{\"@context\":\"https:\/\/schema.org\",\"@graph\":[{\"@type\":\"WebPage\",\"@id\":\"https:\/\/bdstim.com\/site\/nous-contacter\/\",\"url\":\"https:\/\/bdstim.com\/site\/nous-contacter\/\",\"name\":\"Contact - Boulevard de la Stim\",\"isPartOf\":{\"@id\":\"https:\/\/bdstim.com\/site\/#website\"},\"datePublished\":\"2024-11-26T09:02:38+00:00\",\"dateModified\":\"2025-08-25T13:49:43+00:00\",\"description\":\"Contactez-nous d\u00e8s maintenant pour votre prochain \u00e9v\u00e9nement d'entreprise personnalis\u00e9 ! Renfor\u00e7ons les liens, cr\u00e9ons l'inoubliable !\",\"breadcrumb\":{\"@id\":\"https:\/\/bdstim.com\/site\/nous-contacter\/#breadcrumb\"},\"inLanguage\":\"fr-FR\",\"potentialAction\":[{\"@type\":\"ReadAction\",\"target\":[\"https:\/\/bdstim.com\/site\/nous-contacter\/\"]}]},{\"@type\":\"BreadcrumbList\",\"@id\":\"https:\/\/bdstim.com\/site\/nous-contacter\/#breadcrumb\",\"itemListElement\":[{\"@type\":\"ListItem\",\"position\":1,\"name\":\"Accueil\",\"item\":\"https:\/\/bdstim.com\/site\/\"},{\"@type\":\"ListItem\",\"position\":2,\"name\":\"Contact\"}]},{\"@type\":\"WebSite\",\"@id\":\"https:\/\/bdstim.com\/site\/#website\",\"url\":\"https:\/\/bdstim.com\/site\/\",\"name\":\"BDSTIM\",\"description\":\"Agence conseil en communication \u00e9v\u00e9nementielle\",\"publisher\":{\"@id\":\"https:\/\/bdstim.com\/site\/#organization\"},\"potentialAction\":[{\"@type\":\"SearchAction\",\"target\":{\"@type\":\"EntryPoint\",\"urlTemplate\":\"https:\/\/bdstim.com\/site\/?s={search_term_string}\"},\"query-input\":{\"@type\":\"PropertyValueSpecification\",\"valueRequired\":true,\"valueName\":\"search_term_string\"}}],\"inLanguage\":\"fr-FR\"},{\"@type\":\"Organization\",\"@id\":\"https:\/\/bdstim.com\/site\/#organization\",\"name\":\"BDSTIM\",\"url\":\"https:\/\/bdstim.com\/site\/\",\"logo\":{\"@type\":\"ImageObject\",\"inLanguage\":\"fr-FR\",\"@id\":\"https:\/\/bdstim.com\/site\/#\/schema\/logo\/image\/\",\"url\":\"https:\/\/bdstim.com\/site\/wp-content\/uploads\/2024\/11\/Logo-BDS.png\",\"contentUrl\":\"https:\/\/bdstim.com\/site\/wp-content\/uploads\/2024\/11\/Logo-BDS.png\",\"width\":2164,\"height\":760,\"caption\":\"BDSTIM\"},\"image\":{\"@id\":\"https:\/\/bdstim.com\/site\/#\/schema\/logo\/image\/\"},\"sameAs\":[\"https:\/\/www.linkedin.com\/company\/boulevard-de-la-stim\/?originalSubdomain=fr\"]}]}<\/script>\n<!-- \/ Yoast SEO plugin. -->","yoast_head_json":{"title":"Contact - Boulevard de la Stim","description":"Contactez-nous d\u00e8s maintenant pour votre prochain \u00e9v\u00e9nement d'entreprise personnalis\u00e9 ! Renfor\u00e7ons les liens, cr\u00e9ons l'inoubliable !","robots":{"index":"index","follow":"follow","max-snippet":"max-snippet:-1","max-image-preview":"max-image-preview:large","max-video-preview":"max-video-preview:-1"},"canonical":"https:\/\/bdstim.com\/site\/nous-contacter\/","og_locale":"fr_FR","og_type":"article","og_title":"Contact - Boulevard de la Stim","og_description":"Contactez-nous d\u00e8s maintenant pour votre prochain \u00e9v\u00e9nement d'entreprise personnalis\u00e9 ! Renfor\u00e7ons les liens, cr\u00e9ons l'inoubliable !","og_url":"https:\/\/bdstim.com\/site\/nous-contacter\/","og_site_name":"Boulevard de la Stim","article_modified_time":"2025-08-25T13:49:43+00:00","twitter_card":"summary_large_image","twitter_misc":{"Dur\u00e9e de lecture estim\u00e9e":"1 minute"},"schema":{"@context":"https:\/\/schema.org","@graph":[{"@type":"WebPage","@id":"https:\/\/bdstim.com\/site\/nous-contacter\/","url":"https:\/\/bdstim.com\/site\/nous-contacter\/","name":"Contact - Boulevard de la Stim","isPartOf":{"@id":"https:\/\/bdstim.com\/site\/#website"},"datePublished":"2024-11-26T09:02:38+00:00","dateModified":"2025-08-25T13:49:43+00:00","description":"Contactez-nous d\u00e8s maintenant pour votre prochain \u00e9v\u00e9nement d'entreprise personnalis\u00e9 ! Renfor\u00e7ons les liens, cr\u00e9ons l'inoubliable !","breadcrumb":{"@id":"https:\/\/bdstim.com\/site\/nous-contacter\/#breadcrumb"},"inLanguage":"fr-FR","potentialAction":[{"@type":"ReadAction","target":["https:\/\/bdstim.com\/site\/nous-contacter\/"]}]},{"@type":"BreadcrumbList","@id":"https:\/\/bdstim.com\/site\/nous-contacter\/#breadcrumb","itemListElement":[{"@type":"ListItem","position":1,"name":"Accueil","item":"https:\/\/bdstim.com\/site\/"},{"@type":"ListItem","position":2,"name":"Contact"}]},{"@type":"WebSite","@id":"https:\/\/bdstim.com\/site\/#website","url":"https:\/\/bdstim.com\/site\/","name":"BDSTIM","description":"Agence conseil en communication \u00e9v\u00e9nementielle","publisher":{"@id":"https:\/\/bdstim.com\/site\/#organization"},"potentialAction":[{"@type":"SearchAction","target":{"@type":"EntryPoint","urlTemplate":"https:\/\/bdstim.com\/site\/?s={search_term_string}"},"query-input":{"@type":"PropertyValueSpecification","valueRequired":true,"valueName":"search_term_string"}}],"inLanguage":"fr-FR"},{"@type":"Organization","@id":"https:\/\/bdstim.com\/site\/#organization","name":"BDSTIM","url":"https:\/\/bdstim.com\/site\/","logo":{"@type":"ImageObject","inLanguage":"fr-FR","@id":"https:\/\/bdstim.com\/site\/#\/schema\/logo\/image\/","url":"https:\/\/bdstim.com\/site\/wp-content\/uploads\/2024\/11\/Logo-BDS.png","contentUrl":"https:\/\/bdstim.com\/site\/wp-content\/uploads\/2024\/11\/Logo-BDS.png","width":2164,"height":760,"caption":"BDSTIM"},"image":{"@id":"https:\/\/bdstim.com\/site\/#\/schema\/logo\/image\/"},"sameAs":["https:\/\/www.linkedin.com\/company\/boulevard-de-la-stim\/?originalSubdomain=fr"]}]}},"_links":{"self":[{"href":"https:\/\/bdstim.com\/site\/wp-json\/wp\/v2\/pages\/34","targetHints":{"allow":["GET"]}}],"collection":[{"href":"https:\/\/bdstim.com\/site\/wp-json\/wp\/v2\/pages"}],"about":[{"href":"https:\/\/bdstim.com\/site\/wp-json\/wp\/v2\/types\/page"}],"author":[{"embeddable":true,"href":"https:\/\/bdstim.com\/site\/wp-json\/wp\/v2\/users\/1"}],"replies":[{"embeddable":true,"href":"https:\/\/bdstim.com\/site\/wp-json\/wp\/v2\/comments?post=34"}],"version-history":[{"count":424,"href":"https:\/\/bdstim.com\/site\/wp-json\/wp\/v2\/pages\/34\/revisions"}],"predecessor-version":[{"id":6676,"href":"https:\/\/bdstim.com\/site\/wp-json\/wp\/v2\/pages\/34\/revisions\/6676"}],"wp:attachment":[{"href":"https:\/\/bdstim.com\/site\/wp-json\/wp\/v2\/media?parent=34"}],"curies":[{"name":"wp","href":"https:\/\/api.w.org\/{rel}","templated":true}]}}