{"id":2097,"date":"2024-12-17T12:30:23","date_gmt":"2024-12-17T11:30:23","guid":{"rendered":"https:\/\/www.bdstim.com\/site\/?page_id=2097"},"modified":"2025-05-20T10:43:54","modified_gmt":"2025-05-20T08:43:54","slug":"nos-engagements","status":"publish","type":"page","link":"https:\/\/bdstim.com\/site\/nos-engagements\/","title":{"rendered":"Nos engagements"},"content":{"rendered":"\t\t<div data-elementor-type=\"wp-page\" data-elementor-id=\"2097\" class=\"elementor elementor-2097\" data-elementor-post-type=\"page\">\n\t\t\t\t<div class=\"elementor-element elementor-element-67ed41e e-flex e-con-boxed e-con e-parent\" data-id=\"67ed41e\" data-element_type=\"container\" data-settings=\"{&quot;background_background&quot;:&quot;slideshow&quot;,&quot;background_slideshow_gallery&quot;:[{&quot;id&quot;:1883,&quot;url&quot;:&quot;https:\\\/\\\/bdstim.com\\\/site\\\/wp-content\\\/uploads\\\/2024\\\/12\\\/PAGEDevellopementDurableSans-titre5.jpg&quot;}],&quot;background_slideshow_loop&quot;:&quot;yes&quot;,&quot;background_slideshow_slide_duration&quot;:5000,&quot;background_slideshow_slide_transition&quot;:&quot;fade&quot;,&quot;background_slideshow_transition_duration&quot;:500}\">\n\t\t\t\t\t<div class=\"e-con-inner\">\n\t\t\t\t<div class=\"elementor-element elementor-element-b347957 elementor-invisible elementor-widget elementor-widget-heading\" data-id=\"b347957\" data-element_type=\"widget\" data-settings=\"{&quot;_animation&quot;:&quot;fadeInUp&quot;}\" data-widget_type=\"heading.default\">\n\t\t\t\t<div class=\"elementor-widget-container\">\n\t\t\t\t\t<h1 class=\"elementor-heading-title elementor-size-default\">Nos engagements<\/h1>\t\t\t\t<\/div>\n\t\t\t\t<\/div>\n\t\t\t\t<div class=\"elementor-element elementor-element-b3fa8e5 elementor-hidden-mobile elementor-widget elementor-widget-spacer\" data-id=\"b3fa8e5\" data-element_type=\"widget\" data-widget_type=\"spacer.default\">\n\t\t\t\t<div class=\"elementor-widget-container\">\n\t\t\t\t\t\t\t<div class=\"elementor-spacer\">\n\t\t\t<div class=\"elementor-spacer-inner\"><\/div>\n\t\t<\/div>\n\t\t\t\t\t\t<\/div>\n\t\t\t\t<\/div>\n\t\t\t\t<div class=\"elementor-element elementor-element-3577ddc elementor-invisible elementor-widget elementor-widget-text-editor\" data-id=\"3577ddc\" data-element_type=\"widget\" data-settings=\"{&quot;_animation&quot;:&quot;fadeInUp&quot;}\" data-widget_type=\"text-editor.default\">\n\t\t\t\t<div class=\"elementor-widget-container\">\n\t\t\t\t\t\t\t\t\t<p>Voyager autrement, agir chaque jour. Parce que chaque pas compte, nous avan\u00e7ons, jour apr\u00e8s jour, vers un tourisme plus responsable, sans renoncer \u00e0 la beaut\u00e9 du monde.<\/p>\t\t\t\t\t\t\t\t<\/div>\n\t\t\t\t<\/div>\n\t\t\t\t\t<\/div>\n\t\t\t\t<\/div>\n\t\t<div class=\"elementor-element elementor-element-2ec2fa9 e-flex e-con-boxed e-con e-parent\" data-id=\"2ec2fa9\" data-element_type=\"container\">\n\t\t\t\t\t<div class=\"e-con-inner\">\n\t\t<div class=\"elementor-element elementor-element-ea801be e-con-full e-flex e-con e-child\" data-id=\"ea801be\" data-element_type=\"container\">\n\t\t\t\t<div class=\"elementor-element elementor-element-ffad70b elementor-hidden-mobile elementor-widget elementor-widget-spacer\" data-id=\"ffad70b\" data-element_type=\"widget\" data-widget_type=\"spacer.default\">\n\t\t\t\t<div class=\"elementor-widget-container\">\n\t\t\t\t\t\t\t<div class=\"elementor-spacer\">\n\t\t\t<div class=\"elementor-spacer-inner\"><\/div>\n\t\t<\/div>\n\t\t\t\t\t\t<\/div>\n\t\t\t\t<\/div>\n\t\t<div class=\"elementor-element elementor-element-afbb6cd e-grid e-con-full e-con e-child\" data-id=\"afbb6cd\" data-element_type=\"container\">\n\t\t<div class=\"elementor-element elementor-element-d677e4a e-con-full e-flex elementor-invisible e-con e-child\" data-id=\"d677e4a\" data-element_type=\"container\" data-settings=\"{&quot;animation&quot;:&quot;fadeInUp&quot;}\">\n\t\t\t\t<div class=\"elementor-element elementor-element-2e36a14 elementor-invisible elementor-widget elementor-widget-heading\" data-id=\"2e36a14\" data-element_type=\"widget\" data-settings=\"{&quot;_animation&quot;:&quot;fadeInUp&quot;}\" data-widget_type=\"heading.default\">\n\t\t\t\t<div class=\"elementor-widget-container\">\n\t\t\t\t\t<h2 class=\"elementor-heading-title elementor-size-default\">Nos engagements :<\/h2>\t\t\t\t<\/div>\n\t\t\t\t<\/div>\n\t\t\t\t<div class=\"elementor-element elementor-element-dab7ff4 elementor-widget elementor-widget-text-editor\" data-id=\"dab7ff4\" data-element_type=\"widget\" data-widget_type=\"text-editor.default\">\n\t\t\t\t<div class=\"elementor-widget-container\">\n\t\t\t\t\t\t\t\t\t<p>Chez Boulevard de la Stim nous croyons que chaque <em>petit<\/em> geste compte.<\/p><p>Des petits gestes, <em>plein de bons sens<\/em>, au quotidien, \u00e9teindre la lumi\u00e8re, enfiler un pull plut\u00f4t que de surchauffer, chacun son mugg plut\u00f4t que des gobelets jetables, \u2026. Mais ces \u00e9vidences, nous les appliquons aussi dans nos programmes pour agir et proposer \u00e0 nos clients des petits pas, qui contribue \u00e0 pr\u00e9server notre plan\u00e8te.<\/p><p>Organiser des \u00e9v\u00e9nements \u00e0 travers le monde ne signifie pas oublier notre responsabilit\u00e9 : bien au contraire, cela nous pousse \u00e0 agir concr\u00e8tement, sur le terrain. Nous nous attachons \u00e0 prouver qu\u2019il est possible conjuguer d\u00e9couverte et responsabilit\u00e9.<\/p><p>C\u2019est pourquoi, \u00e0 chaque destination, nous mettons en place des actions locales ayant un v\u00e9ritable impact.<\/p>\t\t\t\t\t\t\t\t<\/div>\n\t\t\t\t<\/div>\n\t\t<div class=\"elementor-element elementor-element-f432ca8 e-grid e-con-full e-con e-child\" data-id=\"f432ca8\" data-element_type=\"container\">\n\t\t\t\t<div class=\"elementor-element elementor-element-f0f17ed elementor-view-default elementor-widget elementor-widget-icon\" data-id=\"f0f17ed\" data-element_type=\"widget\" data-widget_type=\"icon.default\">\n\t\t\t\t<div class=\"elementor-widget-container\">\n\t\t\t\t\t\t\t<div class=\"elementor-icon-wrapper\">\n\t\t\t<div class=\"elementor-icon\">\n\t\t\t<svg aria-hidden=\"true\" class=\"e-font-icon-svg e-fas-star\" viewBox=\"0 0 576 512\" xmlns=\"http:\/\/www.w3.org\/2000\/svg\"><path d=\"M259.3 17.8L194 150.2 47.9 171.5c-26.2 3.8-36.7 36.1-17.7 54.6l105.7 103-25 145.5c-4.5 26.3 23.2 46 46.4 33.7L288 439.6l130.7 68.7c23.2 12.2 50.9-7.4 46.4-33.7l-25-145.5 105.7-103c19-18.5 8.5-50.8-17.7-54.6L382 150.2 316.7 17.8c-11.7-23.6-45.6-23.9-57.4 0z\"><\/path><\/svg>\t\t\t<\/div>\n\t\t<\/div>\n\t\t\t\t\t\t<\/div>\n\t\t\t\t<\/div>\n\t\t\t\t<div class=\"elementor-element elementor-element-f54720f elementor-view-default elementor-widget elementor-widget-icon\" data-id=\"f54720f\" data-element_type=\"widget\" data-widget_type=\"icon.default\">\n\t\t\t\t<div class=\"elementor-widget-container\">\n\t\t\t\t\t\t\t<div class=\"elementor-icon-wrapper\">\n\t\t\t<div class=\"elementor-icon\">\n\t\t\t<svg aria-hidden=\"true\" class=\"e-font-icon-svg e-fas-star\" viewBox=\"0 0 576 512\" xmlns=\"http:\/\/www.w3.org\/2000\/svg\"><path d=\"M259.3 17.8L194 150.2 47.9 171.5c-26.2 3.8-36.7 36.1-17.7 54.6l105.7 103-25 145.5c-4.5 26.3 23.2 46 46.4 33.7L288 439.6l130.7 68.7c23.2 12.2 50.9-7.4 46.4-33.7l-25-145.5 105.7-103c19-18.5 8.5-50.8-17.7-54.6L382 150.2 316.7 17.8c-11.7-23.6-45.6-23.9-57.4 0z\"><\/path><\/svg>\t\t\t<\/div>\n\t\t<\/div>\n\t\t\t\t\t\t<\/div>\n\t\t\t\t<\/div>\n\t\t\t\t<div class=\"elementor-element elementor-element-ad7e983 elementor-view-default elementor-widget elementor-widget-icon\" data-id=\"ad7e983\" data-element_type=\"widget\" data-widget_type=\"icon.default\">\n\t\t\t\t<div class=\"elementor-widget-container\">\n\t\t\t\t\t\t\t<div class=\"elementor-icon-wrapper\">\n\t\t\t<div class=\"elementor-icon\">\n\t\t\t<svg aria-hidden=\"true\" class=\"e-font-icon-svg e-fas-star\" viewBox=\"0 0 576 512\" xmlns=\"http:\/\/www.w3.org\/2000\/svg\"><path d=\"M259.3 17.8L194 150.2 47.9 171.5c-26.2 3.8-36.7 36.1-17.7 54.6l105.7 103-25 145.5c-4.5 26.3 23.2 46 46.4 33.7L288 439.6l130.7 68.7c23.2 12.2 50.9-7.4 46.4-33.7l-25-145.5 105.7-103c19-18.5 8.5-50.8-17.7-54.6L382 150.2 316.7 17.8c-11.7-23.6-45.6-23.9-57.4 0z\"><\/path><\/svg>\t\t\t<\/div>\n\t\t<\/div>\n\t\t\t\t\t\t<\/div>\n\t\t\t\t<\/div>\n\t\t\t\t<\/div>\n\t\t\t\t<\/div>\n\t\t<div class=\"elementor-element elementor-element-764c385 e-con-full e-flex elementor-invisible e-con e-child\" data-id=\"764c385\" data-element_type=\"container\" data-settings=\"{&quot;animation&quot;:&quot;fadeInUp&quot;}\">\n\t\t\t\t<div class=\"elementor-element elementor-element-b4c580d elementor-widget elementor-widget-text-editor\" data-id=\"b4c580d\" data-element_type=\"widget\" data-widget_type=\"text-editor.default\">\n\t\t\t\t<div class=\"elementor-widget-container\">\n\t\t\t\t\t\t\t\t\t<p><strong>=&gt; En Colombie<\/strong>, nous finan\u00e7ons la construction du toit d\u2019une maison communale pour offrir un lieu s\u00fbr aux enfants d\u00e9favoris\u00e9s d\u2019un village oubli\u00e9.<\/p><p><strong>=&gt; A S\u00e9ville<\/strong>, nous travaillons des programmes o\u00f9 les transferts \u00e0 pied sont favoris\u00e9s,<\/p><p><strong>=&gt; En Egypte,<\/strong> nous favorisons un h\u00f4tel qui cultivent ses propres l\u00e9gumes, et organisons des collectes de fournitures pour les \u00e9coles,<\/p><p><strong>=&gt; Au Panama,<\/strong> nous construisons des cabanes utiles aux locaux pour entreposer du mat\u00e9riel pour les Emberas,<\/p><p><strong>=&gt; Des compensations carbones <\/strong>sont propos\u00e9es pour chaque vol, pour favoriser la reforestation en France, par des projets labellis\u00e9s bas-carbone par le Minist\u00e8re de la transition \u00e9cologique, de s\u00e9questration et r\u00e9duction des \u00e9missions de gaz \u00e0 effet de serre.<\/p><p>Les exemples ne manquent pas, les projets s\u2019imaginent et se construisent avec nos clients, en fonction de leur univers m\u00e9tier, en fonction de leur priorit\u00e9, en fonction de leur charte interne d\u2019engagement \u2026 mettre en relation une entreprise aux envies de donner du sens \u00e0 son d\u00e9placement, et des associations, des villages ou des organisations qui ont une n\u00e9cessit\u00e9 urgente, <strong>c\u2019est aussi \u00e7a notre m\u00e9tier<\/strong>.<\/p><p>Ces actions donnent de la force au programme, amplifient la coh\u00e9sion de groupe, f\u00e9d\u00e8rent au travers d\u2019une cause commune utile et marquent les esprits,<\/p><p><strong>C\u2019est aussi \u00e7a notre m\u00e9tier\u00a0!<\/strong><\/p><p>Parce que chaque pas compte, nous avan\u00e7ons, jour apr\u00e8s jour, vers un tourisme plus responsable, sans renoncer \u00e0 la beaut\u00e9 du monde.<\/p>\t\t\t\t\t\t\t\t<\/div>\n\t\t\t\t<\/div>\n\t\t\t\t<\/div>\n\t\t\t\t<\/div>\n\t\t\t\t<\/div>\n\t\t\t\t\t<\/div>\n\t\t\t\t<\/div>\n\t\t<div class=\"elementor-element elementor-element-31b6c52 e-con-full e-flex e-con e-child\" data-id=\"31b6c52\" data-element_type=\"container\">\n\t\t\t\t<div class=\"elementor-element elementor-element-77ef4b2 elementor-hidden-mobile elementor-widget elementor-widget-spacer\" data-id=\"77ef4b2\" data-element_type=\"widget\" data-widget_type=\"spacer.default\">\n\t\t\t\t<div class=\"elementor-widget-container\">\n\t\t\t\t\t\t\t<div class=\"elementor-spacer\">\n\t\t\t<div class=\"elementor-spacer-inner\"><\/div>\n\t\t<\/div>\n\t\t\t\t\t\t<\/div>\n\t\t\t\t<\/div>\n\t\t\t\t<div class=\"elementor-element elementor-element-afbbf2a elementor-hidden-mobile elementor-widget elementor-widget-spacer\" data-id=\"afbbf2a\" data-element_type=\"widget\" data-widget_type=\"spacer.default\">\n\t\t\t\t<div class=\"elementor-widget-container\">\n\t\t\t\t\t\t\t<div class=\"elementor-spacer\">\n\t\t\t<div class=\"elementor-spacer-inner\"><\/div>\n\t\t<\/div>\n\t\t\t\t\t\t<\/div>\n\t\t\t\t<\/div>\n\t\t<div class=\"elementor-element elementor-element-fe63ec3 e-con-full e-flex e-con e-child\" data-id=\"fe63ec3\" data-element_type=\"container\">\n\t\t\t\t<div class=\"elementor-element elementor-element-b07ece5 elementor-invisible elementor-widget elementor-widget-heading\" data-id=\"b07ece5\" data-element_type=\"widget\" data-settings=\"{&quot;_animation&quot;:&quot;fadeInUp&quot;}\" data-widget_type=\"heading.default\">\n\t\t\t\t<div class=\"elementor-widget-container\">\n\t\t\t\t\t<h2 class=\"elementor-heading-title elementor-size-default\">Depuis 1991, notre grande fiert\u00e9 est votre satisfaction et votre fid\u00e9lit\u00e9.<\/h2>\t\t\t\t<\/div>\n\t\t\t\t<\/div>\n\t\t\t\t<div class=\"elementor-element elementor-element-107892b elementor-widget elementor-widget-text-editor\" data-id=\"107892b\" data-element_type=\"widget\" data-widget_type=\"text-editor.default\">\n\t\t\t\t<div class=\"elementor-widget-container\">\n\t\t\t\t\t\t\t\t\t<p>Parlons de vos projets, parlons de vos objectifs, parlons de vous !<\/p>\t\t\t\t\t\t\t\t<\/div>\n\t\t\t\t<\/div>\n\t\t\t\t<div class=\"elementor-element elementor-element-c9dcf8d elementor-align-center elementor-widget elementor-widget-button\" data-id=\"c9dcf8d\" data-element_type=\"widget\" data-settings=\"{&quot;_animation&quot;:&quot;none&quot;}\" data-widget_type=\"button.default\">\n\t\t\t\t<div class=\"elementor-widget-container\">\n\t\t\t\t\t\t\t\t\t<div class=\"elementor-button-wrapper\">\n\t\t\t\t\t<a class=\"elementor-button elementor-button-link elementor-size-sm\" href=\"https:\/\/www.bdstim.com\/index.php\/nous-contacter\/\">\n\t\t\t\t\t\t<span class=\"elementor-button-content-wrapper\">\n\t\t\t\t\t\t<span class=\"elementor-button-icon\">\n\t\t\t\t<svg aria-hidden=\"true\" class=\"e-font-icon-svg e-fas-arrow-right\" viewBox=\"0 0 448 512\" xmlns=\"http:\/\/www.w3.org\/2000\/svg\"><path d=\"M190.5 66.9l22.2-22.2c9.4-9.4 24.6-9.4 33.9 0L441 239c9.4 9.4 9.4 24.6 0 33.9L246.6 467.3c-9.4 9.4-24.6 9.4-33.9 0l-22.2-22.2c-9.5-9.5-9.3-25 .4-34.3L311.4 296H24c-13.3 0-24-10.7-24-24v-32c0-13.3 10.7-24 24-24h287.4L190.9 101.2c-9.8-9.3-10-24.8-.4-34.3z\"><\/path><\/svg>\t\t\t<\/span>\n\t\t\t\t\t\t\t\t\t<span class=\"elementor-button-text\">Nous contacter<\/span>\n\t\t\t\t\t<\/span>\n\t\t\t\t\t<\/a>\n\t\t\t\t<\/div>\n\t\t\t\t\t\t\t\t<\/div>\n\t\t\t\t<\/div>\n\t\t\t\t<div class=\"elementor-element elementor-element-115e199 elementor-widget elementor-widget-spacer\" data-id=\"115e199\" data-element_type=\"widget\" data-widget_type=\"spacer.default\">\n\t\t\t\t<div class=\"elementor-widget-container\">\n\t\t\t\t\t\t\t<div class=\"elementor-spacer\">\n\t\t\t<div class=\"elementor-spacer-inner\"><\/div>\n\t\t<\/div>\n\t\t\t\t\t\t<\/div>\n\t\t\t\t<\/div>\n\t\t\t\t<div class=\"elementor-element elementor-element-be16a4c elementor-hidden-mobile elementor-widget elementor-widget-spacer\" data-id=\"be16a4c\" data-element_type=\"widget\" data-widget_type=\"spacer.default\">\n\t\t\t\t<div class=\"elementor-widget-container\">\n\t\t\t\t\t\t\t<div class=\"elementor-spacer\">\n\t\t\t<div class=\"elementor-spacer-inner\"><\/div>\n\t\t<\/div>\n\t\t\t\t\t\t<\/div>\n\t\t\t\t<\/div>\n\t\t\t\t<\/div>\n\t\t\t\t<\/div>\n\t\t\t\t<\/div>\n\t\t","protected":false},"excerpt":{"rendered":"<p>Nos engagements Voyager autrement, agir chaque jour. Parce que chaque pas compte, nous avan\u00e7ons, jour apr\u00e8s jour, vers un tourisme plus responsable, sans renoncer \u00e0 la beaut\u00e9 du monde. Nos engagements : Chez Boulevard de la Stim nous croyons que chaque petit geste compte. Des petits gestes, plein de bons sens, au quotidien, \u00e9teindre la [&hellip;]<\/p>\n","protected":false},"author":1,"featured_media":0,"parent":0,"menu_order":0,"comment_status":"closed","ping_status":"closed","template":"","meta":{"_acf_changed":false,"footnotes":""},"class_list":["post-2097","page","type-page","status-publish","hentry"],"blocksy_meta":[],"acf":[],"yoast_head":"<!-- This site is optimized with the Yoast SEO plugin v27.2 - https:\/\/yoast.com\/product\/yoast-seo-wordpress\/ -->\n<title>Nos engagements - Boulevard de la Stim<\/title>\n<meta name=\"description\" content=\"Agence engag\u00e9e pour des \u00e9v\u00e9nements professionnels \u00e9coresponsable ! Cliquez pour en savoir plus de nos activit\u00e9s RES.\" \/>\n<meta name=\"robots\" content=\"index, follow, max-snippet:-1, max-image-preview:large, max-video-preview:-1\" \/>\n<link rel=\"canonical\" href=\"https:\/\/bdstim.com\/site\/nos-engagements\/\" \/>\n<meta property=\"og:locale\" content=\"fr_FR\" \/>\n<meta property=\"og:type\" content=\"article\" \/>\n<meta property=\"og:title\" content=\"Nos engagements - Boulevard de la Stim\" \/>\n<meta property=\"og:description\" content=\"Agence engag\u00e9e pour des \u00e9v\u00e9nements professionnels \u00e9coresponsable ! Cliquez pour en savoir plus de nos activit\u00e9s RES.\" \/>\n<meta property=\"og:url\" content=\"https:\/\/bdstim.com\/site\/nos-engagements\/\" \/>\n<meta property=\"og:site_name\" content=\"Boulevard de la Stim\" \/>\n<meta property=\"article:modified_time\" content=\"2025-05-20T08:43:54+00:00\" \/>\n<meta name=\"twitter:card\" content=\"summary_large_image\" \/>\n<meta name=\"twitter:label1\" content=\"Dur\u00e9e de lecture estim\u00e9e\" \/>\n\t<meta name=\"twitter:data1\" content=\"3 minutes\" \/>\n<script type=\"application\/ld+json\" class=\"yoast-schema-graph\">{\"@context\":\"https:\/\/schema.org\",\"@graph\":[{\"@type\":\"WebPage\",\"@id\":\"https:\/\/bdstim.com\/site\/nos-engagements\/\",\"url\":\"https:\/\/bdstim.com\/site\/nos-engagements\/\",\"name\":\"Nos engagements - Boulevard de la Stim\",\"isPartOf\":{\"@id\":\"https:\/\/bdstim.com\/site\/#website\"},\"datePublished\":\"2024-12-17T11:30:23+00:00\",\"dateModified\":\"2025-05-20T08:43:54+00:00\",\"description\":\"Agence engag\u00e9e pour des \u00e9v\u00e9nements professionnels \u00e9coresponsable ! Cliquez pour en savoir plus de nos activit\u00e9s RES.\",\"breadcrumb\":{\"@id\":\"https:\/\/bdstim.com\/site\/nos-engagements\/#breadcrumb\"},\"inLanguage\":\"fr-FR\",\"potentialAction\":[{\"@type\":\"ReadAction\",\"target\":[\"https:\/\/bdstim.com\/site\/nos-engagements\/\"]}]},{\"@type\":\"BreadcrumbList\",\"@id\":\"https:\/\/bdstim.com\/site\/nos-engagements\/#breadcrumb\",\"itemListElement\":[{\"@type\":\"ListItem\",\"position\":1,\"name\":\"Accueil\",\"item\":\"https:\/\/bdstim.com\/site\/\"},{\"@type\":\"ListItem\",\"position\":2,\"name\":\"Nos engagements\"}]},{\"@type\":\"WebSite\",\"@id\":\"https:\/\/bdstim.com\/site\/#website\",\"url\":\"https:\/\/bdstim.com\/site\/\",\"name\":\"BDSTIM\",\"description\":\"Agence conseil en communication \u00e9v\u00e9nementielle\",\"publisher\":{\"@id\":\"https:\/\/bdstim.com\/site\/#organization\"},\"potentialAction\":[{\"@type\":\"SearchAction\",\"target\":{\"@type\":\"EntryPoint\",\"urlTemplate\":\"https:\/\/bdstim.com\/site\/?s={search_term_string}\"},\"query-input\":{\"@type\":\"PropertyValueSpecification\",\"valueRequired\":true,\"valueName\":\"search_term_string\"}}],\"inLanguage\":\"fr-FR\"},{\"@type\":\"Organization\",\"@id\":\"https:\/\/bdstim.com\/site\/#organization\",\"name\":\"BDSTIM\",\"url\":\"https:\/\/bdstim.com\/site\/\",\"logo\":{\"@type\":\"ImageObject\",\"inLanguage\":\"fr-FR\",\"@id\":\"https:\/\/bdstim.com\/site\/#\/schema\/logo\/image\/\",\"url\":\"https:\/\/bdstim.com\/site\/wp-content\/uploads\/2024\/11\/Logo-BDS.png\",\"contentUrl\":\"https:\/\/bdstim.com\/site\/wp-content\/uploads\/2024\/11\/Logo-BDS.png\",\"width\":2164,\"height\":760,\"caption\":\"BDSTIM\"},\"image\":{\"@id\":\"https:\/\/bdstim.com\/site\/#\/schema\/logo\/image\/\"},\"sameAs\":[\"https:\/\/www.linkedin.com\/company\/boulevard-de-la-stim\/?originalSubdomain=fr\"]}]}<\/script>\n<!-- \/ Yoast SEO plugin. -->","yoast_head_json":{"title":"Nos engagements - Boulevard de la Stim","description":"Agence engag\u00e9e pour des \u00e9v\u00e9nements professionnels \u00e9coresponsable ! Cliquez pour en savoir plus de nos activit\u00e9s RES.","robots":{"index":"index","follow":"follow","max-snippet":"max-snippet:-1","max-image-preview":"max-image-preview:large","max-video-preview":"max-video-preview:-1"},"canonical":"https:\/\/bdstim.com\/site\/nos-engagements\/","og_locale":"fr_FR","og_type":"article","og_title":"Nos engagements - Boulevard de la Stim","og_description":"Agence engag\u00e9e pour des \u00e9v\u00e9nements professionnels \u00e9coresponsable ! Cliquez pour en savoir plus de nos activit\u00e9s RES.","og_url":"https:\/\/bdstim.com\/site\/nos-engagements\/","og_site_name":"Boulevard de la Stim","article_modified_time":"2025-05-20T08:43:54+00:00","twitter_card":"summary_large_image","twitter_misc":{"Dur\u00e9e de lecture estim\u00e9e":"3 minutes"},"schema":{"@context":"https:\/\/schema.org","@graph":[{"@type":"WebPage","@id":"https:\/\/bdstim.com\/site\/nos-engagements\/","url":"https:\/\/bdstim.com\/site\/nos-engagements\/","name":"Nos engagements - Boulevard de la Stim","isPartOf":{"@id":"https:\/\/bdstim.com\/site\/#website"},"datePublished":"2024-12-17T11:30:23+00:00","dateModified":"2025-05-20T08:43:54+00:00","description":"Agence engag\u00e9e pour des \u00e9v\u00e9nements professionnels \u00e9coresponsable ! Cliquez pour en savoir plus de nos activit\u00e9s RES.","breadcrumb":{"@id":"https:\/\/bdstim.com\/site\/nos-engagements\/#breadcrumb"},"inLanguage":"fr-FR","potentialAction":[{"@type":"ReadAction","target":["https:\/\/bdstim.com\/site\/nos-engagements\/"]}]},{"@type":"BreadcrumbList","@id":"https:\/\/bdstim.com\/site\/nos-engagements\/#breadcrumb","itemListElement":[{"@type":"ListItem","position":1,"name":"Accueil","item":"https:\/\/bdstim.com\/site\/"},{"@type":"ListItem","position":2,"name":"Nos engagements"}]},{"@type":"WebSite","@id":"https:\/\/bdstim.com\/site\/#website","url":"https:\/\/bdstim.com\/site\/","name":"BDSTIM","description":"Agence conseil en communication \u00e9v\u00e9nementielle","publisher":{"@id":"https:\/\/bdstim.com\/site\/#organization"},"potentialAction":[{"@type":"SearchAction","target":{"@type":"EntryPoint","urlTemplate":"https:\/\/bdstim.com\/site\/?s={search_term_string}"},"query-input":{"@type":"PropertyValueSpecification","valueRequired":true,"valueName":"search_term_string"}}],"inLanguage":"fr-FR"},{"@type":"Organization","@id":"https:\/\/bdstim.com\/site\/#organization","name":"BDSTIM","url":"https:\/\/bdstim.com\/site\/","logo":{"@type":"ImageObject","inLanguage":"fr-FR","@id":"https:\/\/bdstim.com\/site\/#\/schema\/logo\/image\/","url":"https:\/\/bdstim.com\/site\/wp-content\/uploads\/2024\/11\/Logo-BDS.png","contentUrl":"https:\/\/bdstim.com\/site\/wp-content\/uploads\/2024\/11\/Logo-BDS.png","width":2164,"height":760,"caption":"BDSTIM"},"image":{"@id":"https:\/\/bdstim.com\/site\/#\/schema\/logo\/image\/"},"sameAs":["https:\/\/www.linkedin.com\/company\/boulevard-de-la-stim\/?originalSubdomain=fr"]}]}},"_links":{"self":[{"href":"https:\/\/bdstim.com\/site\/wp-json\/wp\/v2\/pages\/2097","targetHints":{"allow":["GET"]}}],"collection":[{"href":"https:\/\/bdstim.com\/site\/wp-json\/wp\/v2\/pages"}],"about":[{"href":"https:\/\/bdstim.com\/site\/wp-json\/wp\/v2\/types\/page"}],"author":[{"embeddable":true,"href":"https:\/\/bdstim.com\/site\/wp-json\/wp\/v2\/users\/1"}],"replies":[{"embeddable":true,"href":"https:\/\/bdstim.com\/site\/wp-json\/wp\/v2\/comments?post=2097"}],"version-history":[{"count":116,"href":"https:\/\/bdstim.com\/site\/wp-json\/wp\/v2\/pages\/2097\/revisions"}],"predecessor-version":[{"id":6167,"href":"https:\/\/bdstim.com\/site\/wp-json\/wp\/v2\/pages\/2097\/revisions\/6167"}],"wp:attachment":[{"href":"https:\/\/bdstim.com\/site\/wp-json\/wp\/v2\/media?parent=2097"}],"curies":[{"name":"wp","href":"https:\/\/api.w.org\/{rel}","templated":true}]}}